{"id":13669,"date":"2025-11-10T17:13:12","date_gmt":"2025-11-10T17:13:12","guid":{"rendered":"https:\/\/byebyeblat.predev.eu\/producte\/pan-de-pueblo-de-castana-arroz-trigo-sarraceno-y-quinoa-500-g\/"},"modified":"2026-02-23T10:24:20","modified_gmt":"2026-02-23T10:24:20","slug":"pan-de-pueblo-de-castana-arroz-trigo-sarraceno-y-quinoa-sin-gluten","status":"publish","type":"product","link":"https:\/\/byebyeblat.predev.eu\/es\/producte\/pan-de-pueblo-de-castana-arroz-trigo-sarraceno-y-quinoa-sin-gluten\/","title":{"rendered":"Pan de pueblo de casta\u00f1a, arroz, trigo sarraceno y quinoa 500 g &#8211; alt url ok"},"content":{"rendered":"","protected":false},"excerpt":{"rendered":"<h2>Pan de pueblo sin gluten con cereales y sabor aut\u00e9ntico.<\/h2>\n<p><strong>Ingredientes<\/strong>: agua, harina de arroz, goma xantana, harina de trigo sarraceno, dextrosa de ma\u00edz, harina de quinoa, harina de casta\u00f1a, levadura prensada, sal y aceite.<\/p>\n<p><strong>Al\u00e9rgenos<\/strong>: Puede contener trazas de huevo.<\/p>\n<p><strong>Peso<\/strong>: 500 g aprox.<\/p>\n<p><strong>Marca<\/strong>: Fleca Rebull<\/p>\n<p><strong>Conservaci\u00f3n<\/strong>: Producto de corta duraci\u00f3n. Conservar en un lugar fresco y seco 1-2 d\u00edas para su consumo. Refrigerado 4-5 d\u00edas. En congelador 1,5 meses.<\/p>\n","protected":false},"featured_media":13668,"comment_status":"open","ping_status":"closed","template":"","meta":[],"product_brand":[],"product_cat":[310],"product_tag":[],"class_list":{"0":"post-13669","1":"product","2":"type-product","3":"status-publish","4":"has-post-thumbnail","6":"product_cat-panes","8":"first","9":"instock","10":"taxable","11":"shipping-taxable","12":"purchasable","13":"product-type-simple"},"yoast_head":"<!-- This site is optimized with the Yoast SEO plugin v26.4 - https:\/\/yoast.com\/wordpress\/plugins\/seo\/ -->\n<title>Pan de pueblo de casta\u00f1a, arroz, trigo sarraceno y quinoa 500 g - alt url ok - Bye Bye Blat Botiga<\/title>\n<meta name=\"description\" content=\"LA TEVA BOTIGA ONLINE SENSE GLUTEN - Compra Pan de pueblo de casta\u00f1a, arroz, trigo sarraceno y quinoa 500 g - alt url ok i t&#039;ho portem a casa! Enviaments a tot Catalunya.\" \/>\n<meta name=\"robots\" content=\"index, follow, max-snippet:-1, max-image-preview:large, max-video-preview:-1\" \/>\n<link rel=\"canonical\" href=\"https:\/\/byebyeblat.predev.eu\/es\/producte\/pan-de-pueblo-de-castana-arroz-trigo-sarraceno-y-quinoa-sin-gluten\/\" \/>\n<meta property=\"og:locale\" content=\"es_ES\" \/>\n<meta property=\"og:type\" content=\"article\" \/>\n<meta property=\"og:title\" content=\"Pan de pueblo de casta\u00f1a, arroz, trigo sarraceno y quinoa 500 g - alt url ok - Bye Bye Blat Botiga\" \/>\n<meta property=\"og:description\" content=\"LA TEVA BOTIGA ONLINE SENSE GLUTEN - Compra Pan de pueblo de casta\u00f1a, arroz, trigo sarraceno y quinoa 500 g - alt url ok i t&#039;ho portem a casa! Enviaments a tot Catalunya.\" \/>\n<meta property=\"og:url\" content=\"https:\/\/byebyeblat.predev.eu\/es\/producte\/pan-de-pueblo-de-castana-arroz-trigo-sarraceno-y-quinoa-sin-gluten\/\" \/>\n<meta property=\"og:site_name\" content=\"Bye Bye Blat Botiga\" \/>\n<meta property=\"article:modified_time\" content=\"2026-02-23T10:24:20+00:00\" \/>\n<meta property=\"og:image\" content=\"https:\/\/byebyeblat.predev.eu\/wp-content\/uploads\/2025\/11\/producte_82.jpg\" \/>\n\t<meta property=\"og:image:width\" content=\"800\" \/>\n\t<meta property=\"og:image:height\" content=\"1200\" \/>\n\t<meta property=\"og:image:type\" content=\"image\/jpeg\" \/>\n<meta name=\"twitter:card\" content=\"summary_large_image\" \/>\n<meta name=\"twitter:label1\" content=\"Tiempo de lectura\" \/>\n\t<meta name=\"twitter:data1\" content=\"1 minuto\" \/>\n<script type=\"application\/ld+json\" class=\"yoast-schema-graph\">{\"@context\":\"https:\/\/schema.org\",\"@graph\":[{\"@type\":\"WebPage\",\"@id\":\"https:\/\/byebyeblat.predev.eu\/es\/producte\/pan-de-pueblo-de-castana-arroz-trigo-sarraceno-y-quinoa-sin-gluten\/\",\"url\":\"https:\/\/byebyeblat.predev.eu\/es\/producte\/pan-de-pueblo-de-castana-arroz-trigo-sarraceno-y-quinoa-sin-gluten\/\",\"name\":\"Pan de pueblo de casta\u00f1a, arroz, trigo sarraceno y quinoa 500 g - alt url ok - Bye Bye Blat Botiga\",\"isPartOf\":{\"@id\":\"https:\/\/byebyeblat.predev.eu\/es\/#website\"},\"primaryImageOfPage\":{\"@id\":\"https:\/\/byebyeblat.predev.eu\/es\/producte\/pan-de-pueblo-de-castana-arroz-trigo-sarraceno-y-quinoa-sin-gluten\/#primaryimage\"},\"image\":{\"@id\":\"https:\/\/byebyeblat.predev.eu\/es\/producte\/pan-de-pueblo-de-castana-arroz-trigo-sarraceno-y-quinoa-sin-gluten\/#primaryimage\"},\"thumbnailUrl\":\"https:\/\/byebyeblat.predev.eu\/wp-content\/uploads\/2025\/11\/producte_82.jpg\",\"datePublished\":\"2025-11-10T17:13:12+00:00\",\"dateModified\":\"2026-02-23T10:24:20+00:00\",\"description\":\"LA TEVA BOTIGA ONLINE SENSE GLUTEN - Compra Pan de pueblo de casta\u00f1a, arroz, trigo sarraceno y quinoa 500 g - alt url ok i t'ho portem a casa! Enviaments a tot Catalunya.\",\"breadcrumb\":{\"@id\":\"https:\/\/byebyeblat.predev.eu\/es\/producte\/pan-de-pueblo-de-castana-arroz-trigo-sarraceno-y-quinoa-sin-gluten\/#breadcrumb\"},\"inLanguage\":\"es\",\"potentialAction\":[{\"@type\":\"ReadAction\",\"target\":[\"https:\/\/byebyeblat.predev.eu\/es\/producte\/pan-de-pueblo-de-castana-arroz-trigo-sarraceno-y-quinoa-sin-gluten\/\"]}]},{\"@type\":\"ImageObject\",\"inLanguage\":\"es\",\"@id\":\"https:\/\/byebyeblat.predev.eu\/es\/producte\/pan-de-pueblo-de-castana-arroz-trigo-sarraceno-y-quinoa-sin-gluten\/#primaryimage\",\"url\":\"https:\/\/byebyeblat.predev.eu\/wp-content\/uploads\/2025\/11\/producte_82.jpg\",\"contentUrl\":\"https:\/\/byebyeblat.predev.eu\/wp-content\/uploads\/2025\/11\/producte_82.jpg\",\"width\":800,\"height\":1200,\"caption\":\"Pan de pueblo de casta\u00f1a, arroz, trigo sarraceno y quinoa sin gluten\"},{\"@type\":\"BreadcrumbList\",\"@id\":\"https:\/\/byebyeblat.predev.eu\/es\/producte\/pan-de-pueblo-de-castana-arroz-trigo-sarraceno-y-quinoa-sin-gluten\/#breadcrumb\",\"itemListElement\":[{\"@type\":\"ListItem\",\"position\":1,\"name\":\"Inici\",\"item\":\"https:\/\/byebyeblat.predev.eu\/es\/\"},{\"@type\":\"ListItem\",\"position\":2,\"name\":\"Tienda\",\"item\":\"https:\/\/byebyeblat.predev.eu\/es\/tienda\/\"},{\"@type\":\"ListItem\",\"position\":3,\"name\":\"Pan de pueblo de casta\u00f1a, arroz, trigo sarraceno y quinoa 500 g &#8211; alt url ok\"}]},{\"@type\":\"WebSite\",\"@id\":\"https:\/\/byebyeblat.predev.eu\/es\/#website\",\"url\":\"https:\/\/byebyeblat.predev.eu\/es\/\",\"name\":\"Botiga online Bye Bye Blat\",\"description\":\"\",\"publisher\":{\"@id\":\"https:\/\/byebyeblat.predev.eu\/es\/#organization\"},\"potentialAction\":[{\"@type\":\"SearchAction\",\"target\":{\"@type\":\"EntryPoint\",\"urlTemplate\":\"https:\/\/byebyeblat.predev.eu\/es\/?s={search_term_string}\"},\"query-input\":{\"@type\":\"PropertyValueSpecification\",\"valueRequired\":true,\"valueName\":\"search_term_string\"}}],\"inLanguage\":\"es\"},{\"@type\":\"Organization\",\"@id\":\"https:\/\/byebyeblat.predev.eu\/es\/#organization\",\"name\":\"Botiga online Bye Bye Blat\",\"url\":\"https:\/\/byebyeblat.predev.eu\/es\/\",\"logo\":{\"@type\":\"ImageObject\",\"inLanguage\":\"es\",\"@id\":\"https:\/\/byebyeblat.predev.eu\/es\/#\/schema\/logo\/image\/\",\"url\":\"https:\/\/byebyeblat.predev.eu\/wp-content\/uploads\/2025\/05\/logo.svg\",\"contentUrl\":\"https:\/\/byebyeblat.predev.eu\/wp-content\/uploads\/2025\/05\/logo.svg\",\"width\":96,\"height\":89,\"caption\":\"Botiga online Bye Bye Blat\"},\"image\":{\"@id\":\"https:\/\/byebyeblat.predev.eu\/es\/#\/schema\/logo\/image\/\"}}]}<\/script>\n<!-- \/ Yoast SEO plugin. -->","yoast_head_json":{"title":"Pan de pueblo de casta\u00f1a, arroz, trigo sarraceno y quinoa 500 g - alt url ok - Bye Bye Blat Botiga","description":"LA TEVA BOTIGA ONLINE SENSE GLUTEN - Compra Pan de pueblo de casta\u00f1a, arroz, trigo sarraceno y quinoa 500 g - alt url ok i t'ho portem a casa! Enviaments a tot Catalunya.","robots":{"index":"index","follow":"follow","max-snippet":"max-snippet:-1","max-image-preview":"max-image-preview:large","max-video-preview":"max-video-preview:-1"},"canonical":"https:\/\/byebyeblat.predev.eu\/es\/producte\/pan-de-pueblo-de-castana-arroz-trigo-sarraceno-y-quinoa-sin-gluten\/","og_locale":"es_ES","og_type":"article","og_title":"Pan de pueblo de casta\u00f1a, arroz, trigo sarraceno y quinoa 500 g - alt url ok - Bye Bye Blat Botiga","og_description":"LA TEVA BOTIGA ONLINE SENSE GLUTEN - Compra Pan de pueblo de casta\u00f1a, arroz, trigo sarraceno y quinoa 500 g - alt url ok i t'ho portem a casa! Enviaments a tot Catalunya.","og_url":"https:\/\/byebyeblat.predev.eu\/es\/producte\/pan-de-pueblo-de-castana-arroz-trigo-sarraceno-y-quinoa-sin-gluten\/","og_site_name":"Bye Bye Blat Botiga","article_modified_time":"2026-02-23T10:24:20+00:00","og_image":[{"width":800,"height":1200,"url":"https:\/\/byebyeblat.predev.eu\/wp-content\/uploads\/2025\/11\/producte_82.jpg","type":"image\/jpeg"}],"twitter_card":"summary_large_image","twitter_misc":{"Tiempo de lectura":"1 minuto"},"schema":{"@context":"https:\/\/schema.org","@graph":[{"@type":"WebPage","@id":"https:\/\/byebyeblat.predev.eu\/es\/producte\/pan-de-pueblo-de-castana-arroz-trigo-sarraceno-y-quinoa-sin-gluten\/","url":"https:\/\/byebyeblat.predev.eu\/es\/producte\/pan-de-pueblo-de-castana-arroz-trigo-sarraceno-y-quinoa-sin-gluten\/","name":"Pan de pueblo de casta\u00f1a, arroz, trigo sarraceno y quinoa 500 g - alt url ok - Bye Bye Blat Botiga","isPartOf":{"@id":"https:\/\/byebyeblat.predev.eu\/es\/#website"},"primaryImageOfPage":{"@id":"https:\/\/byebyeblat.predev.eu\/es\/producte\/pan-de-pueblo-de-castana-arroz-trigo-sarraceno-y-quinoa-sin-gluten\/#primaryimage"},"image":{"@id":"https:\/\/byebyeblat.predev.eu\/es\/producte\/pan-de-pueblo-de-castana-arroz-trigo-sarraceno-y-quinoa-sin-gluten\/#primaryimage"},"thumbnailUrl":"https:\/\/byebyeblat.predev.eu\/wp-content\/uploads\/2025\/11\/producte_82.jpg","datePublished":"2025-11-10T17:13:12+00:00","dateModified":"2026-02-23T10:24:20+00:00","description":"LA TEVA BOTIGA ONLINE SENSE GLUTEN - Compra Pan de pueblo de casta\u00f1a, arroz, trigo sarraceno y quinoa 500 g - alt url ok i t'ho portem a casa! Enviaments a tot Catalunya.","breadcrumb":{"@id":"https:\/\/byebyeblat.predev.eu\/es\/producte\/pan-de-pueblo-de-castana-arroz-trigo-sarraceno-y-quinoa-sin-gluten\/#breadcrumb"},"inLanguage":"es","potentialAction":[{"@type":"ReadAction","target":["https:\/\/byebyeblat.predev.eu\/es\/producte\/pan-de-pueblo-de-castana-arroz-trigo-sarraceno-y-quinoa-sin-gluten\/"]}]},{"@type":"ImageObject","inLanguage":"es","@id":"https:\/\/byebyeblat.predev.eu\/es\/producte\/pan-de-pueblo-de-castana-arroz-trigo-sarraceno-y-quinoa-sin-gluten\/#primaryimage","url":"https:\/\/byebyeblat.predev.eu\/wp-content\/uploads\/2025\/11\/producte_82.jpg","contentUrl":"https:\/\/byebyeblat.predev.eu\/wp-content\/uploads\/2025\/11\/producte_82.jpg","width":800,"height":1200,"caption":"Pan de pueblo de casta\u00f1a, arroz, trigo sarraceno y quinoa sin gluten"},{"@type":"BreadcrumbList","@id":"https:\/\/byebyeblat.predev.eu\/es\/producte\/pan-de-pueblo-de-castana-arroz-trigo-sarraceno-y-quinoa-sin-gluten\/#breadcrumb","itemListElement":[{"@type":"ListItem","position":1,"name":"Inici","item":"https:\/\/byebyeblat.predev.eu\/es\/"},{"@type":"ListItem","position":2,"name":"Tienda","item":"https:\/\/byebyeblat.predev.eu\/es\/tienda\/"},{"@type":"ListItem","position":3,"name":"Pan de pueblo de casta\u00f1a, arroz, trigo sarraceno y quinoa 500 g &#8211; alt url ok"}]},{"@type":"WebSite","@id":"https:\/\/byebyeblat.predev.eu\/es\/#website","url":"https:\/\/byebyeblat.predev.eu\/es\/","name":"Botiga online Bye Bye Blat","description":"","publisher":{"@id":"https:\/\/byebyeblat.predev.eu\/es\/#organization"},"potentialAction":[{"@type":"SearchAction","target":{"@type":"EntryPoint","urlTemplate":"https:\/\/byebyeblat.predev.eu\/es\/?s={search_term_string}"},"query-input":{"@type":"PropertyValueSpecification","valueRequired":true,"valueName":"search_term_string"}}],"inLanguage":"es"},{"@type":"Organization","@id":"https:\/\/byebyeblat.predev.eu\/es\/#organization","name":"Botiga online Bye Bye Blat","url":"https:\/\/byebyeblat.predev.eu\/es\/","logo":{"@type":"ImageObject","inLanguage":"es","@id":"https:\/\/byebyeblat.predev.eu\/es\/#\/schema\/logo\/image\/","url":"https:\/\/byebyeblat.predev.eu\/wp-content\/uploads\/2025\/05\/logo.svg","contentUrl":"https:\/\/byebyeblat.predev.eu\/wp-content\/uploads\/2025\/05\/logo.svg","width":96,"height":89,"caption":"Botiga online Bye Bye Blat"},"image":{"@id":"https:\/\/byebyeblat.predev.eu\/es\/#\/schema\/logo\/image\/"}}]}},"_links":{"self":[{"href":"https:\/\/byebyeblat.predev.eu\/es\/wp-json\/wp\/v2\/product\/13669","targetHints":{"allow":["GET"]}}],"collection":[{"href":"https:\/\/byebyeblat.predev.eu\/es\/wp-json\/wp\/v2\/product"}],"about":[{"href":"https:\/\/byebyeblat.predev.eu\/es\/wp-json\/wp\/v2\/types\/product"}],"replies":[{"embeddable":true,"href":"https:\/\/byebyeblat.predev.eu\/es\/wp-json\/wp\/v2\/comments?post=13669"}],"wp:featuredmedia":[{"embeddable":true,"href":"https:\/\/byebyeblat.predev.eu\/es\/wp-json\/wp\/v2\/media\/13668"}],"wp:attachment":[{"href":"https:\/\/byebyeblat.predev.eu\/es\/wp-json\/wp\/v2\/media?parent=13669"}],"wp:term":[{"taxonomy":"product_brand","embeddable":true,"href":"https:\/\/byebyeblat.predev.eu\/es\/wp-json\/wp\/v2\/product_brand?post=13669"},{"taxonomy":"product_cat","embeddable":true,"href":"https:\/\/byebyeblat.predev.eu\/es\/wp-json\/wp\/v2\/product_cat?post=13669"},{"taxonomy":"product_tag","embeddable":true,"href":"https:\/\/byebyeblat.predev.eu\/es\/wp-json\/wp\/v2\/product_tag?post=13669"}],"curies":[{"name":"wp","href":"https:\/\/api.w.org\/{rel}","templated":true}]}}