{"id":13702,"date":"2025-11-10T17:12:40","date_gmt":"2025-11-10T17:12:40","guid":{"rendered":"https:\/\/byebyeblat.predev.eu\/producte\/schar-galletas-digestive-choc-150-g\/"},"modified":"2026-02-23T11:01:49","modified_gmt":"2026-02-23T11:01:49","slug":"schar-galletas-digestive-choc-sin-gluten","status":"publish","type":"product","link":"https:\/\/byebyeblat.predev.eu\/es\/producte\/schar-galletas-digestive-choc-sin-gluten\/","title":{"rendered":"Sch\u00e4r: galletas Digestive Choc 150 g &#8211; alt url ok"},"content":{"rendered":"","protected":false},"excerpt":{"rendered":"<h2>Galletas Digestive sin gluten con chocolate, crujientes e irresistibles.<\/h2>\n<p><strong>Ingredientes<\/strong>: chocolate con leche 29 % (cacao m\u00ednimo 35 % \u2013 az\u00facar, manteca de cacao, <strong>leche<\/strong> entera en polvo 17 %, pasta de cacao 10 %, <strong>leche<\/strong> desnatada en polvo 3,8 %, emulgente: lecitina de <strong>soja<\/strong>, aroma natural), almid\u00f3n de ma\u00edz, grasa de palma, az\u00facar de ca\u00f1a, harina de ma\u00edz, harina de soja, salvado de soja, harina de alforf\u00f3n, jarabe de remolacha, almid\u00f3n modificado de tapioca, sal, gasificantes: hidrogenocarbonato de amonio, hidrogenocarbonato de sodio.<\/p>\n<p><strong>Al\u00e9rgenos<\/strong>: Contiene leche y soja. Puede contener trazas de altramuces y huevo.<\/p>\n<p><strong>Peso<\/strong>: 150 g<\/p>\n<p><strong>Marca<\/strong>: Sch\u00e4r<\/p>\n<p><strong>Conservaci\u00f3n<\/strong>: Conservar en un lugar fresco y seco. Cerrar bien el envase despu\u00e9s de cada uso para preservar el sabor y la textura.<\/p>\n","protected":false},"featured_media":13701,"comment_status":"open","ping_status":"closed","template":"","meta":[],"product_brand":[],"product_cat":[311],"product_tag":[],"class_list":{"0":"post-13702","1":"product","2":"type-product","3":"status-publish","4":"has-post-thumbnail","6":"product_cat-comestibles","8":"first","9":"instock","10":"taxable","11":"shipping-taxable","12":"purchasable","13":"product-type-simple"},"yoast_head":"<!-- This site is optimized with the Yoast SEO plugin v26.4 - https:\/\/yoast.com\/wordpress\/plugins\/seo\/ -->\n<title>Sch\u00e4r: galletas Digestive Choc 150 g - alt url ok - Bye Bye Blat Botiga<\/title>\n<meta name=\"description\" content=\"LA TEVA BOTIGA ONLINE SENSE GLUTEN - Compra Sch\u00e4r: galletas Digestive Choc 150 g - alt url ok i t&#039;ho portem a casa! Enviaments a tot Catalunya.\" \/>\n<meta name=\"robots\" content=\"index, follow, max-snippet:-1, max-image-preview:large, max-video-preview:-1\" \/>\n<link rel=\"canonical\" href=\"https:\/\/byebyeblat.predev.eu\/es\/producte\/schar-galletas-digestive-choc-sin-gluten\/\" \/>\n<meta property=\"og:locale\" content=\"es_ES\" \/>\n<meta property=\"og:type\" content=\"article\" \/>\n<meta property=\"og:title\" content=\"Sch\u00e4r: galletas Digestive Choc 150 g - alt url ok - Bye Bye Blat Botiga\" \/>\n<meta property=\"og:description\" content=\"LA TEVA BOTIGA ONLINE SENSE GLUTEN - Compra Sch\u00e4r: galletas Digestive Choc 150 g - alt url ok i t&#039;ho portem a casa! Enviaments a tot Catalunya.\" \/>\n<meta property=\"og:url\" content=\"https:\/\/byebyeblat.predev.eu\/es\/producte\/schar-galletas-digestive-choc-sin-gluten\/\" \/>\n<meta property=\"og:site_name\" content=\"Bye Bye Blat Botiga\" \/>\n<meta property=\"article:modified_time\" content=\"2026-02-23T11:01:49+00:00\" \/>\n<meta property=\"og:image\" content=\"https:\/\/byebyeblat.predev.eu\/wp-content\/uploads\/2025\/11\/producte_107.jpg\" \/>\n\t<meta property=\"og:image:width\" content=\"800\" \/>\n\t<meta property=\"og:image:height\" content=\"1200\" \/>\n\t<meta property=\"og:image:type\" content=\"image\/jpeg\" \/>\n<meta name=\"twitter:card\" content=\"summary_large_image\" \/>\n<meta name=\"twitter:label1\" content=\"Tiempo de lectura\" \/>\n\t<meta name=\"twitter:data1\" content=\"1 minuto\" \/>\n<script type=\"application\/ld+json\" class=\"yoast-schema-graph\">{\"@context\":\"https:\/\/schema.org\",\"@graph\":[{\"@type\":\"WebPage\",\"@id\":\"https:\/\/byebyeblat.predev.eu\/es\/producte\/schar-galletas-digestive-choc-sin-gluten\/\",\"url\":\"https:\/\/byebyeblat.predev.eu\/es\/producte\/schar-galletas-digestive-choc-sin-gluten\/\",\"name\":\"Sch\u00e4r: galletas Digestive Choc 150 g - alt url ok - Bye Bye Blat Botiga\",\"isPartOf\":{\"@id\":\"https:\/\/byebyeblat.predev.eu\/es\/#website\"},\"primaryImageOfPage\":{\"@id\":\"https:\/\/byebyeblat.predev.eu\/es\/producte\/schar-galletas-digestive-choc-sin-gluten\/#primaryimage\"},\"image\":{\"@id\":\"https:\/\/byebyeblat.predev.eu\/es\/producte\/schar-galletas-digestive-choc-sin-gluten\/#primaryimage\"},\"thumbnailUrl\":\"https:\/\/byebyeblat.predev.eu\/wp-content\/uploads\/2025\/11\/producte_107.jpg\",\"datePublished\":\"2025-11-10T17:12:40+00:00\",\"dateModified\":\"2026-02-23T11:01:49+00:00\",\"description\":\"LA TEVA BOTIGA ONLINE SENSE GLUTEN - Compra Sch\u00e4r: galletas Digestive Choc 150 g - alt url ok i t'ho portem a casa! Enviaments a tot Catalunya.\",\"breadcrumb\":{\"@id\":\"https:\/\/byebyeblat.predev.eu\/es\/producte\/schar-galletas-digestive-choc-sin-gluten\/#breadcrumb\"},\"inLanguage\":\"es\",\"potentialAction\":[{\"@type\":\"ReadAction\",\"target\":[\"https:\/\/byebyeblat.predev.eu\/es\/producte\/schar-galletas-digestive-choc-sin-gluten\/\"]}]},{\"@type\":\"ImageObject\",\"inLanguage\":\"es\",\"@id\":\"https:\/\/byebyeblat.predev.eu\/es\/producte\/schar-galletas-digestive-choc-sin-gluten\/#primaryimage\",\"url\":\"https:\/\/byebyeblat.predev.eu\/wp-content\/uploads\/2025\/11\/producte_107.jpg\",\"contentUrl\":\"https:\/\/byebyeblat.predev.eu\/wp-content\/uploads\/2025\/11\/producte_107.jpg\",\"width\":800,\"height\":1200,\"caption\":\"Sch\u00e4r: galletas Digestive Choc sin gluten\"},{\"@type\":\"BreadcrumbList\",\"@id\":\"https:\/\/byebyeblat.predev.eu\/es\/producte\/schar-galletas-digestive-choc-sin-gluten\/#breadcrumb\",\"itemListElement\":[{\"@type\":\"ListItem\",\"position\":1,\"name\":\"Inici\",\"item\":\"https:\/\/byebyeblat.predev.eu\/es\/\"},{\"@type\":\"ListItem\",\"position\":2,\"name\":\"Tienda\",\"item\":\"https:\/\/byebyeblat.predev.eu\/es\/tienda\/\"},{\"@type\":\"ListItem\",\"position\":3,\"name\":\"Sch\u00e4r: galletas Digestive Choc 150 g &#8211; alt url ok\"}]},{\"@type\":\"WebSite\",\"@id\":\"https:\/\/byebyeblat.predev.eu\/es\/#website\",\"url\":\"https:\/\/byebyeblat.predev.eu\/es\/\",\"name\":\"Botiga online Bye Bye Blat\",\"description\":\"\",\"publisher\":{\"@id\":\"https:\/\/byebyeblat.predev.eu\/es\/#organization\"},\"potentialAction\":[{\"@type\":\"SearchAction\",\"target\":{\"@type\":\"EntryPoint\",\"urlTemplate\":\"https:\/\/byebyeblat.predev.eu\/es\/?s={search_term_string}\"},\"query-input\":{\"@type\":\"PropertyValueSpecification\",\"valueRequired\":true,\"valueName\":\"search_term_string\"}}],\"inLanguage\":\"es\"},{\"@type\":\"Organization\",\"@id\":\"https:\/\/byebyeblat.predev.eu\/es\/#organization\",\"name\":\"Botiga online Bye Bye Blat\",\"url\":\"https:\/\/byebyeblat.predev.eu\/es\/\",\"logo\":{\"@type\":\"ImageObject\",\"inLanguage\":\"es\",\"@id\":\"https:\/\/byebyeblat.predev.eu\/es\/#\/schema\/logo\/image\/\",\"url\":\"https:\/\/byebyeblat.predev.eu\/wp-content\/uploads\/2025\/05\/logo.svg\",\"contentUrl\":\"https:\/\/byebyeblat.predev.eu\/wp-content\/uploads\/2025\/05\/logo.svg\",\"width\":96,\"height\":89,\"caption\":\"Botiga online Bye Bye Blat\"},\"image\":{\"@id\":\"https:\/\/byebyeblat.predev.eu\/es\/#\/schema\/logo\/image\/\"}}]}<\/script>\n<!-- \/ Yoast SEO plugin. -->","yoast_head_json":{"title":"Sch\u00e4r: galletas Digestive Choc 150 g - alt url ok - Bye Bye Blat Botiga","description":"LA TEVA BOTIGA ONLINE SENSE GLUTEN - Compra Sch\u00e4r: galletas Digestive Choc 150 g - alt url ok i t'ho portem a casa! Enviaments a tot Catalunya.","robots":{"index":"index","follow":"follow","max-snippet":"max-snippet:-1","max-image-preview":"max-image-preview:large","max-video-preview":"max-video-preview:-1"},"canonical":"https:\/\/byebyeblat.predev.eu\/es\/producte\/schar-galletas-digestive-choc-sin-gluten\/","og_locale":"es_ES","og_type":"article","og_title":"Sch\u00e4r: galletas Digestive Choc 150 g - alt url ok - Bye Bye Blat Botiga","og_description":"LA TEVA BOTIGA ONLINE SENSE GLUTEN - Compra Sch\u00e4r: galletas Digestive Choc 150 g - alt url ok i t'ho portem a casa! Enviaments a tot Catalunya.","og_url":"https:\/\/byebyeblat.predev.eu\/es\/producte\/schar-galletas-digestive-choc-sin-gluten\/","og_site_name":"Bye Bye Blat Botiga","article_modified_time":"2026-02-23T11:01:49+00:00","og_image":[{"width":800,"height":1200,"url":"https:\/\/byebyeblat.predev.eu\/wp-content\/uploads\/2025\/11\/producte_107.jpg","type":"image\/jpeg"}],"twitter_card":"summary_large_image","twitter_misc":{"Tiempo de lectura":"1 minuto"},"schema":{"@context":"https:\/\/schema.org","@graph":[{"@type":"WebPage","@id":"https:\/\/byebyeblat.predev.eu\/es\/producte\/schar-galletas-digestive-choc-sin-gluten\/","url":"https:\/\/byebyeblat.predev.eu\/es\/producte\/schar-galletas-digestive-choc-sin-gluten\/","name":"Sch\u00e4r: galletas Digestive Choc 150 g - alt url ok - Bye Bye Blat Botiga","isPartOf":{"@id":"https:\/\/byebyeblat.predev.eu\/es\/#website"},"primaryImageOfPage":{"@id":"https:\/\/byebyeblat.predev.eu\/es\/producte\/schar-galletas-digestive-choc-sin-gluten\/#primaryimage"},"image":{"@id":"https:\/\/byebyeblat.predev.eu\/es\/producte\/schar-galletas-digestive-choc-sin-gluten\/#primaryimage"},"thumbnailUrl":"https:\/\/byebyeblat.predev.eu\/wp-content\/uploads\/2025\/11\/producte_107.jpg","datePublished":"2025-11-10T17:12:40+00:00","dateModified":"2026-02-23T11:01:49+00:00","description":"LA TEVA BOTIGA ONLINE SENSE GLUTEN - Compra Sch\u00e4r: galletas Digestive Choc 150 g - alt url ok i t'ho portem a casa! Enviaments a tot Catalunya.","breadcrumb":{"@id":"https:\/\/byebyeblat.predev.eu\/es\/producte\/schar-galletas-digestive-choc-sin-gluten\/#breadcrumb"},"inLanguage":"es","potentialAction":[{"@type":"ReadAction","target":["https:\/\/byebyeblat.predev.eu\/es\/producte\/schar-galletas-digestive-choc-sin-gluten\/"]}]},{"@type":"ImageObject","inLanguage":"es","@id":"https:\/\/byebyeblat.predev.eu\/es\/producte\/schar-galletas-digestive-choc-sin-gluten\/#primaryimage","url":"https:\/\/byebyeblat.predev.eu\/wp-content\/uploads\/2025\/11\/producte_107.jpg","contentUrl":"https:\/\/byebyeblat.predev.eu\/wp-content\/uploads\/2025\/11\/producte_107.jpg","width":800,"height":1200,"caption":"Sch\u00e4r: galletas Digestive Choc sin gluten"},{"@type":"BreadcrumbList","@id":"https:\/\/byebyeblat.predev.eu\/es\/producte\/schar-galletas-digestive-choc-sin-gluten\/#breadcrumb","itemListElement":[{"@type":"ListItem","position":1,"name":"Inici","item":"https:\/\/byebyeblat.predev.eu\/es\/"},{"@type":"ListItem","position":2,"name":"Tienda","item":"https:\/\/byebyeblat.predev.eu\/es\/tienda\/"},{"@type":"ListItem","position":3,"name":"Sch\u00e4r: galletas Digestive Choc 150 g &#8211; alt url ok"}]},{"@type":"WebSite","@id":"https:\/\/byebyeblat.predev.eu\/es\/#website","url":"https:\/\/byebyeblat.predev.eu\/es\/","name":"Botiga online Bye Bye Blat","description":"","publisher":{"@id":"https:\/\/byebyeblat.predev.eu\/es\/#organization"},"potentialAction":[{"@type":"SearchAction","target":{"@type":"EntryPoint","urlTemplate":"https:\/\/byebyeblat.predev.eu\/es\/?s={search_term_string}"},"query-input":{"@type":"PropertyValueSpecification","valueRequired":true,"valueName":"search_term_string"}}],"inLanguage":"es"},{"@type":"Organization","@id":"https:\/\/byebyeblat.predev.eu\/es\/#organization","name":"Botiga online Bye Bye Blat","url":"https:\/\/byebyeblat.predev.eu\/es\/","logo":{"@type":"ImageObject","inLanguage":"es","@id":"https:\/\/byebyeblat.predev.eu\/es\/#\/schema\/logo\/image\/","url":"https:\/\/byebyeblat.predev.eu\/wp-content\/uploads\/2025\/05\/logo.svg","contentUrl":"https:\/\/byebyeblat.predev.eu\/wp-content\/uploads\/2025\/05\/logo.svg","width":96,"height":89,"caption":"Botiga online Bye Bye Blat"},"image":{"@id":"https:\/\/byebyeblat.predev.eu\/es\/#\/schema\/logo\/image\/"}}]}},"_links":{"self":[{"href":"https:\/\/byebyeblat.predev.eu\/es\/wp-json\/wp\/v2\/product\/13702","targetHints":{"allow":["GET"]}}],"collection":[{"href":"https:\/\/byebyeblat.predev.eu\/es\/wp-json\/wp\/v2\/product"}],"about":[{"href":"https:\/\/byebyeblat.predev.eu\/es\/wp-json\/wp\/v2\/types\/product"}],"replies":[{"embeddable":true,"href":"https:\/\/byebyeblat.predev.eu\/es\/wp-json\/wp\/v2\/comments?post=13702"}],"wp:featuredmedia":[{"embeddable":true,"href":"https:\/\/byebyeblat.predev.eu\/es\/wp-json\/wp\/v2\/media\/13701"}],"wp:attachment":[{"href":"https:\/\/byebyeblat.predev.eu\/es\/wp-json\/wp\/v2\/media?parent=13702"}],"wp:term":[{"taxonomy":"product_brand","embeddable":true,"href":"https:\/\/byebyeblat.predev.eu\/es\/wp-json\/wp\/v2\/product_brand?post=13702"},{"taxonomy":"product_cat","embeddable":true,"href":"https:\/\/byebyeblat.predev.eu\/es\/wp-json\/wp\/v2\/product_cat?post=13702"},{"taxonomy":"product_tag","embeddable":true,"href":"https:\/\/byebyeblat.predev.eu\/es\/wp-json\/wp\/v2\/product_tag?post=13702"}],"curies":[{"name":"wp","href":"https:\/\/api.w.org\/{rel}","templated":true}]}}